{"id":354,"date":"2026-01-29T06:19:58","date_gmt":"2026-01-29T09:19:58","guid":{"rendered":"https:\/\/akizonservice.com.br\/?page_id=354"},"modified":"2026-02-09T14:32:52","modified_gmt":"2026-02-09T17:32:52","slug":"politica-de-privacidade-akizon-service","status":"publish","type":"page","link":"https:\/\/akizonservice.com.br\/?page_id=354","title":{"rendered":"Pol\u00edtica de Privacidade"},"content":{"rendered":"\n<p>A <strong>Akizon Service<\/strong> assume o compromisso em resguardar sua privacidade. O intuito deste documento \u00e9 esclarecer quais informa\u00e7\u00f5es s\u00e3o coletadas dos usu\u00e1rios de nosso site e respectivos servi\u00e7os \u2013 e de que forma esses dados s\u00e3o manipulados e utilizados.<\/p>\n\n\n\n<p>Alertamos que se voc\u00ea n\u00e3o concorda com o conte\u00fado desta pol\u00edtica, n\u00e3o \u00e9 recomend\u00e1vel baixar nossos materiais nem utilizar quaisquer de nossos servi\u00e7os.<\/p>\n\n\n\n<h1 class=\"wp-block-heading has-large-font-size\">Coleta de Dados<\/h1>\n\n\n\n<p><strong>Informa\u00e7\u00f5es fornecidas por voc\u00ea \u2013&nbsp;<\/strong>Coletamos informa\u00e7\u00f5es de identifica\u00e7\u00e3o pessoal \u2013 como nome, email, telefone, endere\u00e7o \u2013 via preenchimento dos formul\u00e1rios de contato e solicita\u00e7\u00e3o de servi\u00e7os. Eventualmente, a solicita\u00e7\u00e3o de algumas informa\u00e7\u00f5es podem ser feitas por meio de contato direto da <strong>Akizon Service<\/strong> com os usu\u00e1rios via WhatsApp, email ou telefone.<br><br><strong>Informa\u00e7\u00f5es de navega\u00e7\u00e3o no site \u2013<\/strong>&nbsp;Quando voc\u00ea visita nosso site, \u00e9 inserido um &#8216;cookie&#8217; no seu navegador por meio do software Google Analytics, para identificar quantas vezes voc\u00ea retorna ao nosso endere\u00e7o. S\u00e3o coletadas, anonimamente, informa\u00e7\u00f5es, como endere\u00e7o IP, localiza\u00e7\u00e3o geogr\u00e1fica, fonte de refer\u00eancia, tipo de navegador, dura\u00e7\u00e3o da visita e p\u00e1ginas visitadas.<br><br><strong>Hist\u00f3rico de contato \u2013<\/strong>&nbsp;Armazenamos informa\u00e7\u00f5es a respeito de todos os contatos j\u00e1 realizados com nossos usu\u00e1rios, como solicita\u00e7\u00f5es de servi\u00e7os, agendamentos realizados e intera\u00e7\u00f5es via WhatsApp, email ou telefone.<\/p>\n\n\n\n<h1 class=\"wp-block-heading has-large-font-size\">Uso das Informa\u00e7\u00f5es Pessoais<\/h1>\n\n\n\n<p>O presente termo permite que a Akizon Service use suas informa\u00e7\u00f5es pessoais para diferentes finalidades.<br>O email e telefone s\u00e3o utilizados para confirma\u00e7\u00e3o de agendamentos, comunica\u00e7\u00e3o sobre o status dos servi\u00e7os solicitados e envio de or\u00e7amentos. Tamb\u00e9m podem ser usados para envio de newsletters, sempre relacionadas ao tema Assist\u00eancia T\u00e9cnica de Eletrodom\u00e9sticos e dicas de manuten\u00e7\u00e3o.<\/p>\n\n\n\n<p>O endere\u00e7o \u00e9 utilizado exclusivamente para a presta\u00e7\u00e3o dos servi\u00e7os de assist\u00eancia t\u00e9cnica domiciliar no Estado do Rio de Janeiro.<\/p>\n\n\n\n<p>Por fim, os dados de contato ser\u00e3o utilizados ainda para comunicar promo\u00e7\u00f5es especiais, novos servi\u00e7os ou parcerias que possam ser do interesse do cliente. No entanto, o usu\u00e1rio pode cancelar o recebimento dessas comunica\u00e7\u00f5es a qualquer momento.<\/p>\n\n\n\n<p>Os dados de atendimento poder\u00e3o ser utilizados como pesquisas e estat\u00edsticas para melhoria dos servi\u00e7os, n\u00e3o sendo reveladas abertamente nenhuma informa\u00e7\u00e3o pessoal, a menos que autorizada explicitamente.<\/p>\n\n\n\n<p>Funcion\u00e1rios da Akizon Service poder\u00e3o eventualmente entrar em contato via WhatsApp, email ou telefone para fazer pesquisas de satisfa\u00e7\u00e3o, reagendamentos ou apresentar novos servi\u00e7os.<\/p>\n\n\n\n<p>Suas informa\u00e7\u00f5es pessoais ser\u00e3o compartilhadas com nossos parceiros (fornecedores de pe\u00e7as, fabricantes) apenas quando necess\u00e1rio para a presta\u00e7\u00e3o do servi\u00e7o e quando a parceria estiver expl\u00edcita no momento da contrata\u00e7\u00e3o.<\/p>\n\n\n\n<h1 class=\"wp-block-heading has-large-font-size\">Acesso \u00e0s Informa\u00e7\u00f5es Pessoais<\/h1>\n\n\n\n<p>Poder\u00e3o ver suas informa\u00e7\u00f5es pessoais apenas funcion\u00e1rios autorizados da Akizon Service e t\u00e9cnicos credenciados. Eventualmente, caso seja necess\u00e1rio para a presta\u00e7\u00e3o do servi\u00e7o, fornecedores de pe\u00e7as e fabricantes explicitamente identificados tamb\u00e9m ter\u00e3o acesso \u00e0s informa\u00e7\u00f5es t\u00e9cnicas necess\u00e1rias. Nenhuma informa\u00e7\u00e3o pessoal poder\u00e1 ser divulgada publicamente.<\/p>\n\n\n\n<p>A Akizon Service tamb\u00e9m se compromete a n\u00e3o vender, alugar ou repassar suas informa\u00e7\u00f5es para terceiros. A \u00fanica exce\u00e7\u00e3o est\u00e1 em casos em que essas informa\u00e7\u00f5es forem exigidas judicialmente.<\/p>\n\n\n\n<p>Al\u00e9m disso, embora trabalhemos com boas pr\u00e1ticas de prote\u00e7\u00e3o e seguran\u00e7a, nenhum servi\u00e7o web possui 100% de garantia contra invas\u00f5es e n\u00e3o podemos nos responsabilizar caso isso ocorra.<\/p>\n\n\n\n\n\n<h1 class=\"wp-block-heading has-large-font-size\">Compartilhamento de Conte\u00fado nas Redes Sociais<\/h1>\n\n\n\n<p>Ao clicar nos bot\u00f5es de compartilhamento de conte\u00fado nas m\u00eddias sociais dispon\u00edveis em nossas p\u00e1ginas, o usu\u00e1rio estar\u00e1 publicando o conte\u00fado por meio de seu perfil na rede selecionada. A Akizon Service n\u00e3o tem acesso ao login e senha dos usu\u00e1rios nessas redes, nem publicar\u00e1 conte\u00fado em nome do usu\u00e1rio sem que ele realize esta a\u00e7\u00e3o.<\/p>\n\n\n\n<h1 class=\"wp-block-heading has-large-font-size\">Informa\u00e7\u00f5es Fornecidas a Nossos Parceiros<\/h1>\n\n\n\n<p>A Akizon Service n\u00e3o controla as informa\u00e7\u00f5es solicitadas por nossos parceiros comerciais utilizando nosso sistema. Esses dados pertencem aos parceiros, que os utilizam, divulgam e protegem de acordo com suas pol\u00edticas de privacidade. S\u00e3o eles tamb\u00e9m os respons\u00e1veis por coletar, gerenciar e processar as informa\u00e7\u00f5es confidenciais quando aplic\u00e1vel.<\/p>\n\n\n\n<h1 class=\"wp-block-heading has-large-font-size\">Cancelamento e Altera\u00e7\u00e3o\/Exclus\u00e3o de Informa\u00e7\u00f5es Pessoais<\/h1>\n\n\n\n<p>Voc\u00ea pode optar por n\u00e3o receber mais qualquer tipo de comunica\u00e7\u00e3o da Akizon Service.<br>Em todos os emails que enviamos h\u00e1 sempre um link para cancelar a assinatura dispon\u00edvel nas \u00faltimas linhas. Ao clicar nesse link voc\u00ea ser\u00e1 automaticamente descadastrado da lista.<\/p>\n\n\n\n<p>Para comunica\u00e7\u00f5es via WhatsApp, basta solicitar a exclus\u00e3o da lista de contatos atrav\u00e9s do pr\u00f3prio aplicativo.<br>\u00c9 importante mencionar que ao preencher qualquer formul\u00e1rio novamente ou solicitar novos servi\u00e7os ficar\u00e1 caracterizada a reinser\u00e7\u00e3o dos seus dados. Portanto, a requisi\u00e7\u00e3o de cancelamento deve ser feita novamente caso seja de seu interesse.<\/p>\n\n\n\n<p>Para alterar suas informa\u00e7\u00f5es pessoais ou mesmo exclu\u00ed-las do nosso banco de dados, basta enviar um email para\u00a0<a href=\"mailto:suporte@azureservice.com.br\">suporte@akizonservice.com.br<\/a>\u00a0ou entrar em contato via WhatsApp.<\/p>\n\n\n\n<h1 class=\"wp-block-heading has-large-font-size\">Mudan\u00e7as na Pol\u00edtica de Privacidade<\/h1>\n\n\n\n<p>Essa Pol\u00edtica de Privacidade pode passar por atualiza\u00e7\u00f5es. Desta forma, recomendamos visitar periodicamente esta p\u00e1gina para que voc\u00ea tenha conhecimento sobre as modifica\u00e7\u00f5es.<br>Antes de usar informa\u00e7\u00f5es para outros fins que n\u00e3o os definidos nesta Pol\u00edtica de Privacidade, solicitaremos sua autoriza\u00e7\u00e3o.<\/p>\n\n\n\n<h1 class=\"wp-block-heading has-large-font-size\">Contato com a Akizon Service para Esclarecimento de D\u00favidas<\/h1>\n\n\n\n<p>Qualquer d\u00favida em rela\u00e7\u00e3o \u00e0 nossa pol\u00edtica de privacidade pode ser esclarecida entrando em contato conosco.<\/p>\n\n\n\n<p><strong>Formas de Contato:<\/strong><br>&#8211; Email:&nbsp;<a href=\"https:\/\/wa.me\/5521974337485\" target=\"_blank\" rel=\"noopener\">suporte@akizonservice.com.br<\/a><br>&#8211; WhatsApp:<a href=\"https:\/\/wa.me\/5521974337485\" target=\"_blank\" rel=\"noopener\"> <strong><\/strong><\/a><strong><a href=\"https:\/\/wa.me\/5521974309331\" target=\"_blank\" rel=\"noopener\">21 97433-7485<\/a><\/strong><br>&#8211; Site:&nbsp;<a href=\"https:\/\/azureservice.com.br\/\" target=\"_blank\" rel=\"noopener\">www.akizonservice.com.br<\/a><\/p>\n\n\n\n<p><strong>\u00c1rea de Atendimento:<\/strong>\u00a0Atendemos exclusivamente na Cidade do Rio de Janeiro &#8211; RJ:<\/p>\n\n\n\n<p>Botafogo, Leme, Lagoa, Copacabana, Ipanema, Leblon, S\u00e3o Conrado, G\u00e1vea, Catete, Gl\u00f3ria, Laranjeiras, Urca, Jardim Bot\u00e2nico, Cosme Velho, Barra da Tijuca, Recreio Dos Bandeirantes, Jardim Oce\u00e2nico, Freguesia, Taquara, Vargem Grande, Vargem Pequena, Tijuca e outros<\/p>\n\n\n\n<p>Esta pol\u00edtica est\u00e1 em conformidade com a Lei Geral de Prote\u00e7\u00e3o de Dados (LGPD) &#8211; Lei n\u00ba<br>13.709\/2018.<\/p>\n\n\n\n<p>\u00daltima atualiza\u00e7\u00e3o: Janeiro de 2026<\/p>\n\n\n","protected":false},"excerpt":{"rendered":"<p>A Akizon Service assume o compromisso em resguardar sua privacidade. O intuito deste documento \u00e9 esclarecer quais informa\u00e7\u00f5es s\u00e3o coletadas dos usu\u00e1rios de nosso site e respectivos servi\u00e7os \u2013 e de que forma esses dados s\u00e3o manipulados e utilizados. Alertamos que se voc\u00ea n\u00e3o concorda com o conte\u00fado desta pol\u00edtica, n\u00e3o \u00e9 recomend\u00e1vel baixar nossos [&hellip;]<\/p>\n","protected":false},"author":1,"featured_media":0,"parent":0,"menu_order":0,"comment_status":"closed","ping_status":"closed","template":"","meta":{"saved_in_kubio":true,"_monsterinsights_skip_tracking":false,"_monsterinsights_sitenote_active":false,"_monsterinsights_sitenote_note":"","_monsterinsights_sitenote_category":0,"footnotes":""},"class_list":["post-354","page","type-page","status-publish","hentry"],"aioseo_notices":[],"kubio_ai_page_context":{"short_desc":"","purpose":"general"},"_links":{"self":[{"href":"https:\/\/akizonservice.com.br\/index.php?rest_route=\/wp\/v2\/pages\/354","targetHints":{"allow":["GET"]}}],"collection":[{"href":"https:\/\/akizonservice.com.br\/index.php?rest_route=\/wp\/v2\/pages"}],"about":[{"href":"https:\/\/akizonservice.com.br\/index.php?rest_route=\/wp\/v2\/types\/page"}],"author":[{"embeddable":true,"href":"https:\/\/akizonservice.com.br\/index.php?rest_route=\/wp\/v2\/users\/1"}],"replies":[{"embeddable":true,"href":"https:\/\/akizonservice.com.br\/index.php?rest_route=%2Fwp%2Fv2%2Fcomments&post=354"}],"version-history":[{"count":9,"href":"https:\/\/akizonservice.com.br\/index.php?rest_route=\/wp\/v2\/pages\/354\/revisions"}],"predecessor-version":[{"id":415,"href":"https:\/\/akizonservice.com.br\/index.php?rest_route=\/wp\/v2\/pages\/354\/revisions\/415"}],"wp:attachment":[{"href":"https:\/\/akizonservice.com.br\/index.php?rest_route=%2Fwp%2Fv2%2Fmedia&parent=354"}],"curies":[{"name":"wp","href":"https:\/\/api.w.org\/{rel}","templated":true}]}}